{"id":23,"date":"2025-01-24T09:44:19","date_gmt":"2025-01-24T09:44:19","guid":{"rendered":"https:\/\/tigristest.com\/tr\/?page_id=23"},"modified":"2025-01-24T09:44:19","modified_gmt":"2025-01-24T09:44:19","slug":"yazilim-test-surecleri-stlc-yonetimi","status":"publish","type":"page","link":"https:\/\/tigristest.com\/tr\/hizmetler\/yazilim-test-surecleri-stlc-yonetimi\/","title":{"rendered":"Yaz\u0131l\u0131m Test S\u00fcre\u00e7leri (STLC) Y\u00f6netimi"},"content":{"rendered":"","protected":false},"excerpt":{"rendered":"","protected":false},"author":1,"featured_media":0,"parent":7,"menu_order":0,"comment_status":"closed","ping_status":"closed","template":"page-templates\/service-stlc-details.php","meta":{"footnotes":""},"class_list":["post-23","page","type-page","status-publish","hentry"],"_links":{"self":[{"href":"https:\/\/tigristest.com\/tr\/wp-json\/wp\/v2\/pages\/23","targetHints":{"allow":["GET"]}}],"collection":[{"href":"https:\/\/tigristest.com\/tr\/wp-json\/wp\/v2\/pages"}],"about":[{"href":"https:\/\/tigristest.com\/tr\/wp-json\/wp\/v2\/types\/page"}],"author":[{"embeddable":true,"href":"https:\/\/tigristest.com\/tr\/wp-json\/wp\/v2\/users\/1"}],"replies":[{"embeddable":true,"href":"https:\/\/tigristest.com\/tr\/wp-json\/wp\/v2\/comments?post=23"}],"version-history":[{"count":1,"href":"https:\/\/tigristest.com\/tr\/wp-json\/wp\/v2\/pages\/23\/revisions"}],"predecessor-version":[{"id":24,"href":"https:\/\/tigristest.com\/tr\/wp-json\/wp\/v2\/pages\/23\/revisions\/24"}],"up":[{"embeddable":true,"href":"https:\/\/tigristest.com\/tr\/wp-json\/wp\/v2\/pages\/7"}],"wp:attachment":[{"href":"https:\/\/tigristest.com\/tr\/wp-json\/wp\/v2\/media?parent=23"}],"curies":[{"name":"wp","href":"https:\/\/api.w.org\/{rel}","templated":true}]}}